{"id":13,"date":"2009-01-06T22:07:47","date_gmt":"2009-01-06T21:07:47","guid":{"rendered":"http:\/\/d7356.n32.hosting.scout.ch\/wordpress\/?page_id=13"},"modified":"2024-03-22T10:46:07","modified_gmt":"2024-03-22T09:46:07","slug":"was-ist-pfadi","status":"publish","type":"page","link":"https:\/\/www.pfadilandshut.ch\/wordpress\/?page_id=13","title":{"rendered":"Was ist Pfadi?"},"content":{"rendered":"<p>Anfangs des 20. Jahrhunderts gr\u00fcndete der Engl\u00e4nder Lord Robert Baden-Powell (Bi-Pi) die Pfadibewegung. Die Idee \u00fcberzeugte, sprach Kinder und auch Eltern an, und sehr rasch entstanden in der ganzen Welt Pfadigruppen. Heute z\u00e4hlen die zwei Pfadi-Weltverb\u00e4nde insgesamt rund 57 Millionen Mitglieder und Freiwillige in 174 L\u00e4ndern.<\/p>\n<p>Die Pfadibewegung Schweiz (PBS) ist der nationale Dachverband der rund 50&#8217;000 Pfadfinderinnen und Pfadfinder in der Schweiz. Die lokalen Pfadiabteilungen sind jeweils regional zusammengeschlossen und geh\u00f6ren einem Kantonalverband an.<\/p>\n<p>Die Pfadi Kanton Bern ist einer der Kantonalverb\u00e4nde der PBS. Sie hat rund 5&#8217;200 Mitglieder in 48 verschiedenen Abteilungen, die \u00fcber den ganzen Kanton verteilt sind. Im Kanton Bern werden die verschiedenen Abteilungen in sieben Bezirke eingeteilt.<\/p>\n<p>Die Pfadi Landshut ist im Bezirk Untere Emme\/Oberaargau.<\/p>\n<p><strong>Was will die Pfadi?<\/strong><\/p>\n<p>Das Pfadileben zeichnet sich durch seine Vielfalt aus, wie durch das Leben in der Gruppe, Spiel und Sport, draussen leben und Lagerabenteuer. Wir schaffen Freir\u00e4ume und stellen ein soziales und verbindliches Engagement in den Vordergrund. Wir f\u00f6rdern eine ganzheitliche, pers\u00f6nliche Entwicklung und erg\u00e4nzen durch unser Angebot Familie und Schule.<\/p>\n<p><strong>Wir f\u00f6rdern ganzheitlich und sind engagiert!<\/strong><\/p>\n<p>Unsere St\u00e4rken sind:<br \/>\n-das kreative Mitgestalten und Mitbestimmen durch die Kinder und Jugendlichen<br \/>\n-die gleichwertige F\u00f6rderung aller F\u00e4higkeiten<br \/>\n-das Erlernen von sozialer Kompetenz<br \/>\n-die \u00dcbernahme von Verantwortung f\u00fcr uns und unsere Umwelt<br \/>\n-die altersgerechte Ausbildung und die internationale Verankerung.<\/p>\n<p>Als erzieherische Bewegung setzen wir uns st\u00e4ndig mit unseren Werten auseinander. Wir f\u00f6rdern die ganzheitliche Entwicklung und Selbstverantwortung unserer Mitglieder, das Leben in der Gemeinschaft und den respektvollen Umgang mit Natur, Mensch und Umwelt.<\/p>\n<p>Wir engagieren uns f\u00fcr die Interessen von Kindern und Jugendlichen und begegnen Neuem offen.<\/p>\n<p>Bei uns sind alle willkommen!<\/p>\n<p><strong>Wir sind lokal verankert und in der \u00d6ffentlichkeit anerkannt.<\/strong><\/p>\n<p>Die lokalen Pfadigruppen, die das Herz der Pfadibewegung bilden, besitzen grosse Autonomie und eine klare Identit\u00e4t. Die Abteilungen werden von jungen, fundiert ausgebildeten Leiterinnen und Leitern gef\u00fchrt. Die gleichberechtigte Zusammenarbeit der Geschlechter und die Ehrenamtlichkeit bestimmen die Pfadiarbeit. Um eine zeitgem\u00e4sse Bewegung zu sein, werten wir unsere T\u00e4tigkeiten regelm\u00e4ssig aus.<\/p>\n<p>Quellen: http:\/\/www.pfadiaargau.ch\/, http:\/\/www.pbs.ch\/, https:\/\/www.scout.org\/<\/p>\n","protected":false},"excerpt":{"rendered":"<p>Anfangs des 20. Jahrhunderts gr\u00fcndete der Engl\u00e4nder Lord Robert Baden-Powell (Bi-Pi) die Pfadibewegung. Die Idee \u00fcberzeugte, sprach Kinder und auch Eltern an, und sehr rasch entstanden in der ganzen Welt Pfadigruppen. Heute z\u00e4hlen die zwei Pfadi-Weltverb\u00e4nde insgesamt rund 57 Millionen Mitglieder und Freiwillige in 174 L\u00e4ndern. Die Pfadibewegung Schweiz (PBS) ist der nationale Dachverband der [&hellip;]<\/p>\n","protected":false},"author":1,"featured_media":0,"parent":2,"menu_order":0,"comment_status":"closed","ping_status":"closed","template":"","meta":{"footnotes":""},"yoast_head":"<!-- This site is optimized with the Yoast SEO plugin v22.2 - https:\/\/yoast.com\/wordpress\/plugins\/seo\/ -->\n<title>Was ist Pfadi? - Pfadilandshut.ch<\/title>\n<meta name=\"robots\" content=\"index, follow, max-snippet:-1, max-image-preview:large, max-video-preview:-1\" \/>\n<link rel=\"canonical\" href=\"https:\/\/www.pfadilandshut.ch\/wordpress\/?page_id=13\" \/>\n<meta property=\"og:locale\" content=\"de_DE\" \/>\n<meta property=\"og:type\" content=\"article\" \/>\n<meta property=\"og:title\" content=\"Was ist Pfadi? - Pfadilandshut.ch\" \/>\n<meta property=\"og:description\" content=\"Anfangs des 20. Jahrhunderts gr\u00fcndete der Engl\u00e4nder Lord Robert Baden-Powell (Bi-Pi) die Pfadibewegung. Die Idee \u00fcberzeugte, sprach Kinder und auch Eltern an, und sehr rasch entstanden in der ganzen Welt Pfadigruppen. Heute z\u00e4hlen die zwei Pfadi-Weltverb\u00e4nde insgesamt rund 57 Millionen Mitglieder und Freiwillige in 174 L\u00e4ndern. Die Pfadibewegung Schweiz (PBS) ist der nationale Dachverband der [&hellip;]\" \/>\n<meta property=\"og:url\" content=\"https:\/\/www.pfadilandshut.ch\/wordpress\/?page_id=13\" \/>\n<meta property=\"og:site_name\" content=\"Pfadilandshut.ch\" \/>\n<meta property=\"article:modified_time\" content=\"2024-03-22T09:46:07+00:00\" \/>\n<meta name=\"twitter:card\" content=\"summary_large_image\" \/>\n<meta name=\"twitter:label1\" content=\"Gesch\u00e4tzte Lesezeit\" \/>\n\t<meta name=\"twitter:data1\" content=\"2\u00a0Minuten\" \/>\n<script type=\"application\/ld+json\" class=\"yoast-schema-graph\">{\"@context\":\"https:\/\/schema.org\",\"@graph\":[{\"@type\":\"WebPage\",\"@id\":\"https:\/\/www.pfadilandshut.ch\/wordpress\/?page_id=13\",\"url\":\"https:\/\/www.pfadilandshut.ch\/wordpress\/?page_id=13\",\"name\":\"Was ist Pfadi? - Pfadilandshut.ch\",\"isPartOf\":{\"@id\":\"https:\/\/www.pfadilandshut.ch\/wordpress\/#website\"},\"datePublished\":\"2009-01-06T21:07:47+00:00\",\"dateModified\":\"2024-03-22T09:46:07+00:00\",\"breadcrumb\":{\"@id\":\"https:\/\/www.pfadilandshut.ch\/wordpress\/?page_id=13#breadcrumb\"},\"inLanguage\":\"de\",\"potentialAction\":[{\"@type\":\"ReadAction\",\"target\":[\"https:\/\/www.pfadilandshut.ch\/wordpress\/?page_id=13\"]}]},{\"@type\":\"BreadcrumbList\",\"@id\":\"https:\/\/www.pfadilandshut.ch\/wordpress\/?page_id=13#breadcrumb\",\"itemListElement\":[{\"@type\":\"ListItem\",\"position\":1,\"name\":\"Startseite\",\"item\":\"https:\/\/www.pfadilandshut.ch\/wordpress\/\"},{\"@type\":\"ListItem\",\"position\":2,\"name\":\"\u00dcber uns\",\"item\":\"https:\/\/www.pfadilandshut.ch\/wordpress\/?page_id=2\"},{\"@type\":\"ListItem\",\"position\":3,\"name\":\"Was ist Pfadi?\"}]},{\"@type\":\"WebSite\",\"@id\":\"https:\/\/www.pfadilandshut.ch\/wordpress\/#website\",\"url\":\"https:\/\/www.pfadilandshut.ch\/wordpress\/\",\"name\":\"Pfadilandshut.ch\",\"description\":\"Pfadi Abteilung aus B\u00e4tterkinden BE\",\"potentialAction\":[{\"@type\":\"SearchAction\",\"target\":{\"@type\":\"EntryPoint\",\"urlTemplate\":\"https:\/\/www.pfadilandshut.ch\/wordpress\/?s={search_term_string}\"},\"query-input\":\"required name=search_term_string\"}],\"inLanguage\":\"de\"}]}<\/script>\n<!-- \/ Yoast SEO plugin. -->","yoast_head_json":{"title":"Was ist Pfadi? - Pfadilandshut.ch","robots":{"index":"index","follow":"follow","max-snippet":"max-snippet:-1","max-image-preview":"max-image-preview:large","max-video-preview":"max-video-preview:-1"},"canonical":"https:\/\/www.pfadilandshut.ch\/wordpress\/?page_id=13","og_locale":"de_DE","og_type":"article","og_title":"Was ist Pfadi? - Pfadilandshut.ch","og_description":"Anfangs des 20. Jahrhunderts gr\u00fcndete der Engl\u00e4nder Lord Robert Baden-Powell (Bi-Pi) die Pfadibewegung. Die Idee \u00fcberzeugte, sprach Kinder und auch Eltern an, und sehr rasch entstanden in der ganzen Welt Pfadigruppen. Heute z\u00e4hlen die zwei Pfadi-Weltverb\u00e4nde insgesamt rund 57 Millionen Mitglieder und Freiwillige in 174 L\u00e4ndern. Die Pfadibewegung Schweiz (PBS) ist der nationale Dachverband der [&hellip;]","og_url":"https:\/\/www.pfadilandshut.ch\/wordpress\/?page_id=13","og_site_name":"Pfadilandshut.ch","article_modified_time":"2024-03-22T09:46:07+00:00","twitter_card":"summary_large_image","twitter_misc":{"Gesch\u00e4tzte Lesezeit":"2\u00a0Minuten"},"schema":{"@context":"https:\/\/schema.org","@graph":[{"@type":"WebPage","@id":"https:\/\/www.pfadilandshut.ch\/wordpress\/?page_id=13","url":"https:\/\/www.pfadilandshut.ch\/wordpress\/?page_id=13","name":"Was ist Pfadi? - Pfadilandshut.ch","isPartOf":{"@id":"https:\/\/www.pfadilandshut.ch\/wordpress\/#website"},"datePublished":"2009-01-06T21:07:47+00:00","dateModified":"2024-03-22T09:46:07+00:00","breadcrumb":{"@id":"https:\/\/www.pfadilandshut.ch\/wordpress\/?page_id=13#breadcrumb"},"inLanguage":"de","potentialAction":[{"@type":"ReadAction","target":["https:\/\/www.pfadilandshut.ch\/wordpress\/?page_id=13"]}]},{"@type":"BreadcrumbList","@id":"https:\/\/www.pfadilandshut.ch\/wordpress\/?page_id=13#breadcrumb","itemListElement":[{"@type":"ListItem","position":1,"name":"Startseite","item":"https:\/\/www.pfadilandshut.ch\/wordpress\/"},{"@type":"ListItem","position":2,"name":"\u00dcber uns","item":"https:\/\/www.pfadilandshut.ch\/wordpress\/?page_id=2"},{"@type":"ListItem","position":3,"name":"Was ist Pfadi?"}]},{"@type":"WebSite","@id":"https:\/\/www.pfadilandshut.ch\/wordpress\/#website","url":"https:\/\/www.pfadilandshut.ch\/wordpress\/","name":"Pfadilandshut.ch","description":"Pfadi Abteilung aus B\u00e4tterkinden BE","potentialAction":[{"@type":"SearchAction","target":{"@type":"EntryPoint","urlTemplate":"https:\/\/www.pfadilandshut.ch\/wordpress\/?s={search_term_string}"},"query-input":"required name=search_term_string"}],"inLanguage":"de"}]}},"_links":{"self":[{"href":"https:\/\/www.pfadilandshut.ch\/wordpress\/index.php?rest_route=\/wp\/v2\/pages\/13"}],"collection":[{"href":"https:\/\/www.pfadilandshut.ch\/wordpress\/index.php?rest_route=\/wp\/v2\/pages"}],"about":[{"href":"https:\/\/www.pfadilandshut.ch\/wordpress\/index.php?rest_route=\/wp\/v2\/types\/page"}],"author":[{"embeddable":true,"href":"https:\/\/www.pfadilandshut.ch\/wordpress\/index.php?rest_route=\/wp\/v2\/users\/1"}],"replies":[{"embeddable":true,"href":"https:\/\/www.pfadilandshut.ch\/wordpress\/index.php?rest_route=%2Fwp%2Fv2%2Fcomments&post=13"}],"version-history":[{"count":5,"href":"https:\/\/www.pfadilandshut.ch\/wordpress\/index.php?rest_route=\/wp\/v2\/pages\/13\/revisions"}],"predecessor-version":[{"id":1891,"href":"https:\/\/www.pfadilandshut.ch\/wordpress\/index.php?rest_route=\/wp\/v2\/pages\/13\/revisions\/1891"}],"up":[{"embeddable":true,"href":"https:\/\/www.pfadilandshut.ch\/wordpress\/index.php?rest_route=\/wp\/v2\/pages\/2"}],"wp:attachment":[{"href":"https:\/\/www.pfadilandshut.ch\/wordpress\/index.php?rest_route=%2Fwp%2Fv2%2Fmedia&parent=13"}],"curies":[{"name":"wp","href":"https:\/\/api.w.org\/{rel}","templated":true}]}}