{"id":15,"date":"2009-01-06T22:06:32","date_gmt":"2009-01-06T21:06:32","guid":{"rendered":"http:\/\/d7356.n32.hosting.scout.ch\/wordpress\/?page_id=15"},"modified":"2024-03-22T10:00:17","modified_gmt":"2024-03-22T09:00:17","slug":"was-sind-die-vier-stufen","status":"publish","type":"page","link":"https:\/\/www.pfadilandshut.ch\/wordpress\/?page_id=15","title":{"rendered":"Was sind die &#8222;Stufen&#8220;?"},"content":{"rendered":"<p>Die Stufen sind keine Leistungsmerkmale die man &#8222;erklimmen&#8220; muss, sondern eine Aufteilung nach dem Alter. Diese Aufteilung erm\u00f6glicht es den Leiter:innen ein Stufengerechtes (also Alters- und Entwicklungsgerechtes) Programm f\u00fcr die Teilnehmer:innen planen zu k\u00f6nnen. Die Aufteilung in die Stufen ist allerdings flexibel ausgelegt, und speziell bei der Pfadi Landshut achten wir darauf, dass die Kinder und Jugendlichen in dieser Stufe sein k\u00f6nnen, welche ihren individuellen Bed\u00fcrfnissen und der eigenen Entwicklung entsprechen.<\/p>\n<p><strong>0. Stufe (Biber)<\/strong><\/p>\n<p>Mit 5 &#8211; 6 Jahren geh\u00f6rt man der Gruppe der Biber an. Ein bis zwei Mal im Monat treffen sie sich. Das Programm ist dem Alter angepasst: Dabei wird gebastelt, gespielt, Schnitzeljagden gemacht und spannende Abenteuer mit R\u00e4ubern, Piraten und Hexen, etc. erlebt.<\/p>\n<p>In Lager und Weekends gehen die Biber noch nicht. Im PfiLa machen sie jedoch einen Ausflug zum Lagerplatz, um einen Einblick ins Lagerleben zu erhalten.<\/p>\n<p><strong>1. Stufe (W\u00f6lfe)<\/strong><\/p>\n<p>Mit 6 &#8211; 10 Jahren geh\u00f6rt man der Gruppe der W\u00f6lfe an. Auch in dieser Stufe wird auf ein Stufengerechtes Programm geachtet. Neben Bastelarbeiten, spannenden Abenteuern mit Robotern, Cowboys und M\u00e4rchenfiguren kommt auch das Spielen nicht zu kurz! Auch die Pfaditechnik wird in dieser Stufe eingebracht, einige Knoten werden gelernt und die erste Hilfe wird gemeinsam angeschaut. Ein Nachmittag bei den W\u00f6lfen bietet alles, was ein Kinderherz in diesem Alter begehrt.<\/p>\n<p>Die W\u00f6lfe machen bei den Lagern mit, sie schlafen im PfiLa in einem Haus und im SoLa bereits in Zelten. Sie bleiben jedoch nicht so lange von zu Hause weg wie die \u00e4lteren. Trotzdem bleibt den Kindern jedes Lager noch jahrelang im Ged\u00e4chtnis!<\/p>\n<p><strong>2. Stufe (Pfader)<\/strong><\/p>\n<p>Im Alter von 10 \u2013 14 Jahren kommt man von den W\u00f6lfen zu den Pfadern. In dieser Stufe wird unter anderem die Pfaditechnik wichtig. N\u00fctzliche Dinge, wie Erste Hilfe, Karten lesen, Knoten u.v.m. werden gemeinsam mit gleichaltrigen erlernt. Dieses Wissen kannst du in deinem Leben sehr gut gebrauchen. Bei den Pfadern kommt der Spass nat\u00fcrlich auch nicht zu kurz. In Verfolgungsjagden, Gel\u00e4ndespielen, Wasserschlachten, Wettk\u00e4mpfen und vielen anderen Aktivit\u00e4ten kann man sich richtig ausleben &#8211; und auch sein Wissen und K\u00f6nnen unter Beweis stellen.<br \/>\nSport ist ein besonders wichtiger Bestandteil in der Pfaderstufe. Insbesondere in unseren Lagern, welche bei Jugend und Sport angemeldet sind, kommen die unterschiedlichsten Sportarten zum Zug. Wer wollte nicht schon immer mit seinen Kollegen weg von den Eltern Zelten gehen? Bei den Pfadern kannst du deinen Traum verwirklichen und bist trotzdem nicht alleine, denn im Lager \u00fcbernachten die Pfader in ihren selbst aufgestellten Zelten.<br \/>\nDie Pfader-Stufe ist eine ideale Umgebung, um neue Kolleg:innen zu finden, sich mit ihnen zu treffen und gemeinsam Unvergessliches zu erleben.<\/p>\n<p><strong>3. Stufe (Raiders)<\/strong><\/p>\n<p>Im Alter von 14 &#8211; 16 Jahren ist es nicht mehr immer interessant, einfach das zu machen, was die Leiter:innen vorbereitet haben. Jedoch sind auch noch nicht alle bereit, sogleich selbst Leiter:innen zu werden.<br \/>\nHier springt die 3. Stufe ein: die Raiders lernen, Verantwortung zu \u00fcbernehmen, indem sie ihre Aktivit\u00e4ten selbst planen und durchf\u00fchren, so werden sie auch auf k\u00fcnftige Leiter:innenaufgaben vorbereitet, welche einige von ihnen \u00fcbernehmen werden.<br \/>\nEine Gruppe von 5-10 Personen wird durch eine:n oder zwei Raiderleiter:innen betreut.<br \/>\nUnsere Aktivit\u00e4ten richten sich nach den W\u00fcnschen der Raiders, wobei durch den:die Raiderleiter:in ein ganz grober Rahmen vorgegeben wird. So werden zum Beispiel H\u00f6hlentouren gemacht, Weekends durchgef\u00fchrt, Velotouren geradelt oder man geht einfach in der Aare baden. Bei all dem steht die Teamarbeit und die Freude am Pfadi machen im Vordergrund!<\/p>\n<p><strong>4. Stufe (Rover)<\/strong><\/p>\n<p>Nach dem Raiderjahr kann man sich entscheiden, ob man aktiv leiten m\u00f6chte und\/oder lieber etwas im Hintergrund als Rover aktiv bleibt (oder passiv wird \ud83d\ude42 &#8211; bei uns gibt es auch Passiv-Mitglieder). Aktive Rover helfen in Lagern aus (z.B. in der K\u00fcche), stellen ihr Fachwissen und ihre Erfahrung den jungen Leiter:innen zur Verf\u00fcgung und unternehmen spannende Aktivit\u00e4ten wie Flossfahrten auf der Aare, Nidleloch-Besuche, Kegel-Abende und vieles mehr&#8230;<\/p>\n","protected":false},"excerpt":{"rendered":"<p>Die Stufen sind keine Leistungsmerkmale die man &#8222;erklimmen&#8220; muss, sondern eine Aufteilung nach dem Alter. Diese Aufteilung erm\u00f6glicht es den Leiter:innen ein Stufengerechtes (also Alters- und Entwicklungsgerechtes) Programm f\u00fcr die Teilnehmer:innen planen zu k\u00f6nnen. Die Aufteilung in die Stufen ist allerdings flexibel ausgelegt, und speziell bei der Pfadi Landshut achten wir darauf, dass die Kinder [&hellip;]<\/p>\n","protected":false},"author":1,"featured_media":0,"parent":2,"menu_order":0,"comment_status":"closed","ping_status":"closed","template":"","meta":{"footnotes":""},"yoast_head":"<!-- This site is optimized with the Yoast SEO plugin v22.2 - https:\/\/yoast.com\/wordpress\/plugins\/seo\/ -->\n<title>Was sind die &quot;Stufen&quot;? - Pfadilandshut.ch<\/title>\n<meta name=\"robots\" content=\"index, follow, max-snippet:-1, max-image-preview:large, max-video-preview:-1\" \/>\n<link rel=\"canonical\" href=\"https:\/\/www.pfadilandshut.ch\/wordpress\/?page_id=15\" \/>\n<meta property=\"og:locale\" content=\"de_DE\" \/>\n<meta property=\"og:type\" content=\"article\" \/>\n<meta property=\"og:title\" content=\"Was sind die &quot;Stufen&quot;? - Pfadilandshut.ch\" \/>\n<meta property=\"og:description\" content=\"Die Stufen sind keine Leistungsmerkmale die man &#8222;erklimmen&#8220; muss, sondern eine Aufteilung nach dem Alter. Diese Aufteilung erm\u00f6glicht es den Leiter:innen ein Stufengerechtes (also Alters- und Entwicklungsgerechtes) Programm f\u00fcr die Teilnehmer:innen planen zu k\u00f6nnen. Die Aufteilung in die Stufen ist allerdings flexibel ausgelegt, und speziell bei der Pfadi Landshut achten wir darauf, dass die Kinder [&hellip;]\" \/>\n<meta property=\"og:url\" content=\"https:\/\/www.pfadilandshut.ch\/wordpress\/?page_id=15\" \/>\n<meta property=\"og:site_name\" content=\"Pfadilandshut.ch\" \/>\n<meta property=\"article:modified_time\" content=\"2024-03-22T09:00:17+00:00\" \/>\n<meta name=\"twitter:card\" content=\"summary_large_image\" \/>\n<meta name=\"twitter:label1\" content=\"Gesch\u00e4tzte Lesezeit\" \/>\n\t<meta name=\"twitter:data1\" content=\"4\u00a0Minuten\" \/>\n<script type=\"application\/ld+json\" class=\"yoast-schema-graph\">{\"@context\":\"https:\/\/schema.org\",\"@graph\":[{\"@type\":\"WebPage\",\"@id\":\"https:\/\/www.pfadilandshut.ch\/wordpress\/?page_id=15\",\"url\":\"https:\/\/www.pfadilandshut.ch\/wordpress\/?page_id=15\",\"name\":\"Was sind die \\\"Stufen\\\"? - Pfadilandshut.ch\",\"isPartOf\":{\"@id\":\"https:\/\/www.pfadilandshut.ch\/wordpress\/#website\"},\"datePublished\":\"2009-01-06T21:06:32+00:00\",\"dateModified\":\"2024-03-22T09:00:17+00:00\",\"breadcrumb\":{\"@id\":\"https:\/\/www.pfadilandshut.ch\/wordpress\/?page_id=15#breadcrumb\"},\"inLanguage\":\"de\",\"potentialAction\":[{\"@type\":\"ReadAction\",\"target\":[\"https:\/\/www.pfadilandshut.ch\/wordpress\/?page_id=15\"]}]},{\"@type\":\"BreadcrumbList\",\"@id\":\"https:\/\/www.pfadilandshut.ch\/wordpress\/?page_id=15#breadcrumb\",\"itemListElement\":[{\"@type\":\"ListItem\",\"position\":1,\"name\":\"Startseite\",\"item\":\"https:\/\/www.pfadilandshut.ch\/wordpress\/\"},{\"@type\":\"ListItem\",\"position\":2,\"name\":\"\u00dcber uns\",\"item\":\"https:\/\/www.pfadilandshut.ch\/wordpress\/?page_id=2\"},{\"@type\":\"ListItem\",\"position\":3,\"name\":\"Was sind die &#8222;Stufen&#8220;?\"}]},{\"@type\":\"WebSite\",\"@id\":\"https:\/\/www.pfadilandshut.ch\/wordpress\/#website\",\"url\":\"https:\/\/www.pfadilandshut.ch\/wordpress\/\",\"name\":\"Pfadilandshut.ch\",\"description\":\"Pfadi Abteilung aus B\u00e4tterkinden BE\",\"potentialAction\":[{\"@type\":\"SearchAction\",\"target\":{\"@type\":\"EntryPoint\",\"urlTemplate\":\"https:\/\/www.pfadilandshut.ch\/wordpress\/?s={search_term_string}\"},\"query-input\":\"required name=search_term_string\"}],\"inLanguage\":\"de\"}]}<\/script>\n<!-- \/ Yoast SEO plugin. -->","yoast_head_json":{"title":"Was sind die \"Stufen\"? - Pfadilandshut.ch","robots":{"index":"index","follow":"follow","max-snippet":"max-snippet:-1","max-image-preview":"max-image-preview:large","max-video-preview":"max-video-preview:-1"},"canonical":"https:\/\/www.pfadilandshut.ch\/wordpress\/?page_id=15","og_locale":"de_DE","og_type":"article","og_title":"Was sind die \"Stufen\"? - Pfadilandshut.ch","og_description":"Die Stufen sind keine Leistungsmerkmale die man &#8222;erklimmen&#8220; muss, sondern eine Aufteilung nach dem Alter. Diese Aufteilung erm\u00f6glicht es den Leiter:innen ein Stufengerechtes (also Alters- und Entwicklungsgerechtes) Programm f\u00fcr die Teilnehmer:innen planen zu k\u00f6nnen. Die Aufteilung in die Stufen ist allerdings flexibel ausgelegt, und speziell bei der Pfadi Landshut achten wir darauf, dass die Kinder [&hellip;]","og_url":"https:\/\/www.pfadilandshut.ch\/wordpress\/?page_id=15","og_site_name":"Pfadilandshut.ch","article_modified_time":"2024-03-22T09:00:17+00:00","twitter_card":"summary_large_image","twitter_misc":{"Gesch\u00e4tzte Lesezeit":"4\u00a0Minuten"},"schema":{"@context":"https:\/\/schema.org","@graph":[{"@type":"WebPage","@id":"https:\/\/www.pfadilandshut.ch\/wordpress\/?page_id=15","url":"https:\/\/www.pfadilandshut.ch\/wordpress\/?page_id=15","name":"Was sind die \"Stufen\"? - Pfadilandshut.ch","isPartOf":{"@id":"https:\/\/www.pfadilandshut.ch\/wordpress\/#website"},"datePublished":"2009-01-06T21:06:32+00:00","dateModified":"2024-03-22T09:00:17+00:00","breadcrumb":{"@id":"https:\/\/www.pfadilandshut.ch\/wordpress\/?page_id=15#breadcrumb"},"inLanguage":"de","potentialAction":[{"@type":"ReadAction","target":["https:\/\/www.pfadilandshut.ch\/wordpress\/?page_id=15"]}]},{"@type":"BreadcrumbList","@id":"https:\/\/www.pfadilandshut.ch\/wordpress\/?page_id=15#breadcrumb","itemListElement":[{"@type":"ListItem","position":1,"name":"Startseite","item":"https:\/\/www.pfadilandshut.ch\/wordpress\/"},{"@type":"ListItem","position":2,"name":"\u00dcber uns","item":"https:\/\/www.pfadilandshut.ch\/wordpress\/?page_id=2"},{"@type":"ListItem","position":3,"name":"Was sind die &#8222;Stufen&#8220;?"}]},{"@type":"WebSite","@id":"https:\/\/www.pfadilandshut.ch\/wordpress\/#website","url":"https:\/\/www.pfadilandshut.ch\/wordpress\/","name":"Pfadilandshut.ch","description":"Pfadi Abteilung aus B\u00e4tterkinden BE","potentialAction":[{"@type":"SearchAction","target":{"@type":"EntryPoint","urlTemplate":"https:\/\/www.pfadilandshut.ch\/wordpress\/?s={search_term_string}"},"query-input":"required name=search_term_string"}],"inLanguage":"de"}]}},"_links":{"self":[{"href":"https:\/\/www.pfadilandshut.ch\/wordpress\/index.php?rest_route=\/wp\/v2\/pages\/15"}],"collection":[{"href":"https:\/\/www.pfadilandshut.ch\/wordpress\/index.php?rest_route=\/wp\/v2\/pages"}],"about":[{"href":"https:\/\/www.pfadilandshut.ch\/wordpress\/index.php?rest_route=\/wp\/v2\/types\/page"}],"author":[{"embeddable":true,"href":"https:\/\/www.pfadilandshut.ch\/wordpress\/index.php?rest_route=\/wp\/v2\/users\/1"}],"replies":[{"embeddable":true,"href":"https:\/\/www.pfadilandshut.ch\/wordpress\/index.php?rest_route=%2Fwp%2Fv2%2Fcomments&post=15"}],"version-history":[{"count":7,"href":"https:\/\/www.pfadilandshut.ch\/wordpress\/index.php?rest_route=\/wp\/v2\/pages\/15\/revisions"}],"predecessor-version":[{"id":1887,"href":"https:\/\/www.pfadilandshut.ch\/wordpress\/index.php?rest_route=\/wp\/v2\/pages\/15\/revisions\/1887"}],"up":[{"embeddable":true,"href":"https:\/\/www.pfadilandshut.ch\/wordpress\/index.php?rest_route=\/wp\/v2\/pages\/2"}],"wp:attachment":[{"href":"https:\/\/www.pfadilandshut.ch\/wordpress\/index.php?rest_route=%2Fwp%2Fv2%2Fmedia&parent=15"}],"curies":[{"name":"wp","href":"https:\/\/api.w.org\/{rel}","templated":true}]}}