{"id":18,"date":"2009-01-06T22:07:17","date_gmt":"2009-01-06T21:07:17","guid":{"rendered":"http:\/\/d7356.n32.hosting.scout.ch\/wordpress\/?page_id=18"},"modified":"2024-03-22T10:59:01","modified_gmt":"2024-03-22T09:59:01","slug":"elternrat","status":"publish","type":"page","link":"https:\/\/www.pfadilandshut.ch\/wordpress\/?page_id=18","title":{"rendered":"Elternrat"},"content":{"rendered":"<p>Eltern und Erziehungsberechtigte von Teilnehmer:innen haben in unserer Abteilung die M\u00f6glichkeit in unserem Elternrat mitzuwirken. Dieser trifft sich meist vier Mal pro Jahr. Darin haben Leiter:innen und Erziehungsberechtigte die M\u00f6glichkeit sich \u00fcber den Pfadialltag in der Abteilung und den Betrieb auszutauschen. F\u00fcr uns ist diese Zusammenarbeit mit den Eltern und Erziehungsberechtigten sehr wichtig.<\/p>\n<p>Einmal im Jahr findet unsere Elternversammlung statt. Alle Eltern und Erziehungsberechtigte sind zu dieser Elternversammlung herzlich eingeladen. An diesem Anlass hat jede Person die M\u00f6glichkeit sich einzubringen und \u00fcber den Pfadialltag auf dem Laufenden zu bleiben.<\/p>\n<p>Wir sind immer wieder froh, wenn sich Erziehungsberechtigte aktiv mit der Pfadi auseinandersetzen. Auch Anregungen und konstruktive Kritik nehmen wir gerne entgegen.<\/p>\n<p>Es kann immer vorkommen, dass etwas nicht rund l\u00e4uft, denn hier sind junge Erwachsenen am Werk. Diese sind zwar hervorragend ausgebildet, jedoch keine \u00dcbermenschen. Deshalb bitten wir die Erziehungsberechtigten um Verst\u00e4ndnis f\u00fcr Fehler. Aber machen Sie uns auf solche Fehler aufmerksam, damit wir sie das n\u00e4chste Mal vermeiden k\u00f6nnen.<\/p>\n","protected":false},"excerpt":{"rendered":"<p>Eltern und Erziehungsberechtigte von Teilnehmer:innen haben in unserer Abteilung die M\u00f6glichkeit in unserem Elternrat mitzuwirken. Dieser trifft sich meist vier Mal pro Jahr. Darin haben Leiter:innen und Erziehungsberechtigte die M\u00f6glichkeit sich \u00fcber den Pfadialltag in der Abteilung und den Betrieb auszutauschen. F\u00fcr uns ist diese Zusammenarbeit mit den Eltern und Erziehungsberechtigten sehr wichtig. Einmal im [&hellip;]<\/p>\n","protected":false},"author":1,"featured_media":0,"parent":2,"menu_order":0,"comment_status":"closed","ping_status":"closed","template":"","meta":{"footnotes":""},"yoast_head":"<!-- This site is optimized with the Yoast SEO plugin v22.2 - https:\/\/yoast.com\/wordpress\/plugins\/seo\/ -->\n<title>Elternrat - Pfadilandshut.ch<\/title>\n<meta name=\"robots\" content=\"index, follow, max-snippet:-1, max-image-preview:large, max-video-preview:-1\" \/>\n<link rel=\"canonical\" href=\"https:\/\/www.pfadilandshut.ch\/wordpress\/?page_id=18\" \/>\n<meta property=\"og:locale\" content=\"de_DE\" \/>\n<meta property=\"og:type\" content=\"article\" \/>\n<meta property=\"og:title\" content=\"Elternrat - Pfadilandshut.ch\" \/>\n<meta property=\"og:description\" content=\"Eltern und Erziehungsberechtigte von Teilnehmer:innen haben in unserer Abteilung die M\u00f6glichkeit in unserem Elternrat mitzuwirken. Dieser trifft sich meist vier Mal pro Jahr. Darin haben Leiter:innen und Erziehungsberechtigte die M\u00f6glichkeit sich \u00fcber den Pfadialltag in der Abteilung und den Betrieb auszutauschen. F\u00fcr uns ist diese Zusammenarbeit mit den Eltern und Erziehungsberechtigten sehr wichtig. Einmal im [&hellip;]\" \/>\n<meta property=\"og:url\" content=\"https:\/\/www.pfadilandshut.ch\/wordpress\/?page_id=18\" \/>\n<meta property=\"og:site_name\" content=\"Pfadilandshut.ch\" \/>\n<meta property=\"article:modified_time\" content=\"2024-03-22T09:59:01+00:00\" \/>\n<meta name=\"twitter:card\" content=\"summary_large_image\" \/>\n<meta name=\"twitter:label1\" content=\"Gesch\u00e4tzte Lesezeit\" \/>\n\t<meta name=\"twitter:data1\" content=\"1\u00a0Minute\" \/>\n<script type=\"application\/ld+json\" class=\"yoast-schema-graph\">{\"@context\":\"https:\/\/schema.org\",\"@graph\":[{\"@type\":\"WebPage\",\"@id\":\"https:\/\/www.pfadilandshut.ch\/wordpress\/?page_id=18\",\"url\":\"https:\/\/www.pfadilandshut.ch\/wordpress\/?page_id=18\",\"name\":\"Elternrat - Pfadilandshut.ch\",\"isPartOf\":{\"@id\":\"https:\/\/www.pfadilandshut.ch\/wordpress\/#website\"},\"datePublished\":\"2009-01-06T21:07:17+00:00\",\"dateModified\":\"2024-03-22T09:59:01+00:00\",\"breadcrumb\":{\"@id\":\"https:\/\/www.pfadilandshut.ch\/wordpress\/?page_id=18#breadcrumb\"},\"inLanguage\":\"de\",\"potentialAction\":[{\"@type\":\"ReadAction\",\"target\":[\"https:\/\/www.pfadilandshut.ch\/wordpress\/?page_id=18\"]}]},{\"@type\":\"BreadcrumbList\",\"@id\":\"https:\/\/www.pfadilandshut.ch\/wordpress\/?page_id=18#breadcrumb\",\"itemListElement\":[{\"@type\":\"ListItem\",\"position\":1,\"name\":\"Startseite\",\"item\":\"https:\/\/www.pfadilandshut.ch\/wordpress\/\"},{\"@type\":\"ListItem\",\"position\":2,\"name\":\"\u00dcber uns\",\"item\":\"https:\/\/www.pfadilandshut.ch\/wordpress\/?page_id=2\"},{\"@type\":\"ListItem\",\"position\":3,\"name\":\"Elternrat\"}]},{\"@type\":\"WebSite\",\"@id\":\"https:\/\/www.pfadilandshut.ch\/wordpress\/#website\",\"url\":\"https:\/\/www.pfadilandshut.ch\/wordpress\/\",\"name\":\"Pfadilandshut.ch\",\"description\":\"Pfadi Abteilung aus B\u00e4tterkinden BE\",\"potentialAction\":[{\"@type\":\"SearchAction\",\"target\":{\"@type\":\"EntryPoint\",\"urlTemplate\":\"https:\/\/www.pfadilandshut.ch\/wordpress\/?s={search_term_string}\"},\"query-input\":\"required name=search_term_string\"}],\"inLanguage\":\"de\"}]}<\/script>\n<!-- \/ Yoast SEO plugin. -->","yoast_head_json":{"title":"Elternrat - Pfadilandshut.ch","robots":{"index":"index","follow":"follow","max-snippet":"max-snippet:-1","max-image-preview":"max-image-preview:large","max-video-preview":"max-video-preview:-1"},"canonical":"https:\/\/www.pfadilandshut.ch\/wordpress\/?page_id=18","og_locale":"de_DE","og_type":"article","og_title":"Elternrat - Pfadilandshut.ch","og_description":"Eltern und Erziehungsberechtigte von Teilnehmer:innen haben in unserer Abteilung die M\u00f6glichkeit in unserem Elternrat mitzuwirken. Dieser trifft sich meist vier Mal pro Jahr. Darin haben Leiter:innen und Erziehungsberechtigte die M\u00f6glichkeit sich \u00fcber den Pfadialltag in der Abteilung und den Betrieb auszutauschen. F\u00fcr uns ist diese Zusammenarbeit mit den Eltern und Erziehungsberechtigten sehr wichtig. Einmal im [&hellip;]","og_url":"https:\/\/www.pfadilandshut.ch\/wordpress\/?page_id=18","og_site_name":"Pfadilandshut.ch","article_modified_time":"2024-03-22T09:59:01+00:00","twitter_card":"summary_large_image","twitter_misc":{"Gesch\u00e4tzte Lesezeit":"1\u00a0Minute"},"schema":{"@context":"https:\/\/schema.org","@graph":[{"@type":"WebPage","@id":"https:\/\/www.pfadilandshut.ch\/wordpress\/?page_id=18","url":"https:\/\/www.pfadilandshut.ch\/wordpress\/?page_id=18","name":"Elternrat - Pfadilandshut.ch","isPartOf":{"@id":"https:\/\/www.pfadilandshut.ch\/wordpress\/#website"},"datePublished":"2009-01-06T21:07:17+00:00","dateModified":"2024-03-22T09:59:01+00:00","breadcrumb":{"@id":"https:\/\/www.pfadilandshut.ch\/wordpress\/?page_id=18#breadcrumb"},"inLanguage":"de","potentialAction":[{"@type":"ReadAction","target":["https:\/\/www.pfadilandshut.ch\/wordpress\/?page_id=18"]}]},{"@type":"BreadcrumbList","@id":"https:\/\/www.pfadilandshut.ch\/wordpress\/?page_id=18#breadcrumb","itemListElement":[{"@type":"ListItem","position":1,"name":"Startseite","item":"https:\/\/www.pfadilandshut.ch\/wordpress\/"},{"@type":"ListItem","position":2,"name":"\u00dcber uns","item":"https:\/\/www.pfadilandshut.ch\/wordpress\/?page_id=2"},{"@type":"ListItem","position":3,"name":"Elternrat"}]},{"@type":"WebSite","@id":"https:\/\/www.pfadilandshut.ch\/wordpress\/#website","url":"https:\/\/www.pfadilandshut.ch\/wordpress\/","name":"Pfadilandshut.ch","description":"Pfadi Abteilung aus B\u00e4tterkinden BE","potentialAction":[{"@type":"SearchAction","target":{"@type":"EntryPoint","urlTemplate":"https:\/\/www.pfadilandshut.ch\/wordpress\/?s={search_term_string}"},"query-input":"required name=search_term_string"}],"inLanguage":"de"}]}},"_links":{"self":[{"href":"https:\/\/www.pfadilandshut.ch\/wordpress\/index.php?rest_route=\/wp\/v2\/pages\/18"}],"collection":[{"href":"https:\/\/www.pfadilandshut.ch\/wordpress\/index.php?rest_route=\/wp\/v2\/pages"}],"about":[{"href":"https:\/\/www.pfadilandshut.ch\/wordpress\/index.php?rest_route=\/wp\/v2\/types\/page"}],"author":[{"embeddable":true,"href":"https:\/\/www.pfadilandshut.ch\/wordpress\/index.php?rest_route=\/wp\/v2\/users\/1"}],"replies":[{"embeddable":true,"href":"https:\/\/www.pfadilandshut.ch\/wordpress\/index.php?rest_route=%2Fwp%2Fv2%2Fcomments&post=18"}],"version-history":[{"count":3,"href":"https:\/\/www.pfadilandshut.ch\/wordpress\/index.php?rest_route=\/wp\/v2\/pages\/18\/revisions"}],"predecessor-version":[{"id":1893,"href":"https:\/\/www.pfadilandshut.ch\/wordpress\/index.php?rest_route=\/wp\/v2\/pages\/18\/revisions\/1893"}],"up":[{"embeddable":true,"href":"https:\/\/www.pfadilandshut.ch\/wordpress\/index.php?rest_route=\/wp\/v2\/pages\/2"}],"wp:attachment":[{"href":"https:\/\/www.pfadilandshut.ch\/wordpress\/index.php?rest_route=%2Fwp%2Fv2%2Fmedia&parent=18"}],"curies":[{"name":"wp","href":"https:\/\/api.w.org\/{rel}","templated":true}]}}